{"id":102,"date":"2012-08-25T14:08:33","date_gmt":"2012-08-25T14:08:33","guid":{"rendered":"http:\/\/letisserin.org\/?page_id=102"},"modified":"2012-08-25T14:08:33","modified_gmt":"2012-08-25T14:08:33","slug":"la-vision-du-tisserin-2","status":"publish","type":"page","link":"https:\/\/letisserin.org\/?page_id=102","title":{"rendered":"LA VISION DU TISSERIN"},"content":{"rendered":"<p align=\"justify\"><span style=\"font-size: 16px;\">La vision du Tisserin est que toute personne, quelle qu\u2019elle soit peut et doit avoir des possibilit\u00e9s de contribuer \u00e0 l\u2019\u00e9dification de la soci\u00e9t\u00e9. De ce fait, toute vie est pr\u00e9cieuse, m\u00e9rite une attention et la soci\u00e9t\u00e9 doit cr\u00e9er des conditions favorables \u00e0 la participation effective de tout \u00eatre humain et \u00e0 l\u2019\u00e9mergence d\u2019une v\u00e9ritable citoyennet\u00e9 pour tous.<\/span><\/p>\n","protected":false},"excerpt":{"rendered":"<p>La vision du Tisserin est que toute personne, quelle qu\u2019elle soit peut et doit avoir des possibilit\u00e9s de contribuer \u00e0 l\u2019\u00e9dification de la soci\u00e9t\u00e9. De ce fait, toute vie est pr\u00e9cieuse, m\u00e9rite une attention et la soci\u00e9t\u00e9 doit cr\u00e9er des conditions favorables \u00e0 la participation effective de tout \u00eatre humain et \u00e0 l\u2019\u00e9mergence d\u2019une v\u00e9ritable [&hellip;]<\/p>\n","protected":false},"author":1,"featured_media":0,"parent":0,"menu_order":0,"comment_status":"closed","ping_status":"closed","template":"","meta":{"footnotes":""},"class_list":["post-102","page","type-page","status-publish","hentry"],"_links":{"self":[{"href":"https:\/\/letisserin.org\/index.php?rest_route=\/wp\/v2\/pages\/102","targetHints":{"allow":["GET"]}}],"collection":[{"href":"https:\/\/letisserin.org\/index.php?rest_route=\/wp\/v2\/pages"}],"about":[{"href":"https:\/\/letisserin.org\/index.php?rest_route=\/wp\/v2\/types\/page"}],"author":[{"embeddable":true,"href":"https:\/\/letisserin.org\/index.php?rest_route=\/wp\/v2\/users\/1"}],"replies":[{"embeddable":true,"href":"https:\/\/letisserin.org\/index.php?rest_route=%2Fwp%2Fv2%2Fcomments&post=102"}],"version-history":[{"count":0,"href":"https:\/\/letisserin.org\/index.php?rest_route=\/wp\/v2\/pages\/102\/revisions"}],"wp:attachment":[{"href":"https:\/\/letisserin.org\/index.php?rest_route=%2Fwp%2Fv2%2Fmedia&parent=102"}],"curies":[{"name":"wp","href":"https:\/\/api.w.org\/{rel}","templated":true}]}}