{"id":108,"date":"2012-08-25T14:09:20","date_gmt":"2012-08-25T14:09:20","guid":{"rendered":"http:\/\/letisserin.org\/?page_id=108"},"modified":"2012-08-25T14:09:20","modified_gmt":"2012-08-25T14:09:20","slug":"les-strategies-utilises-par-le-tisserin-2","status":"publish","type":"page","link":"https:\/\/letisserin.org\/?page_id=108","title":{"rendered":"LES STRATEGIES UTILISES PAR LE TISSERIN"},"content":{"rendered":"<p>&nbsp;<\/p>\n<ul>\n<li>\n<p align=\"justify\"><span style=\"font-size: 16px;\">Assistance individuelle pour la r\u00e9adaptation des personnes vivant avec un handicap\u00a0;<\/span><\/p>\n<\/li>\n<li>\n<p align=\"justify\"><span style=\"font-size: 16px;\">Organisation de formations et de cadres de concertation pour renforcer les capacit\u00e9s d\u2019organisations de, et\/ou pour personnes vuln\u00e9rables et d\u00e9favoris\u00e9es\u00a0;<\/span><\/p>\n<\/li>\n<li>\n<p align=\"justify\"><span style=\"font-size: 16px;\">Initiation et conduite d\u2019\u00e9tudes innovatrices et disponibilisation des r\u00e9sultats pour le secteur de la protection et de la promotion sociale\u00a0;<\/span><\/p>\n<\/li>\n<li>\n<p align=\"justify\"><span style=\"font-size: 16px;\">Accompagnement des groupes sociaux vuln\u00e9rables et sp\u00e9cifiques et financement de leurs projets g\u00e9n\u00e9rateurs de revenus\u00a0;<\/span><\/p>\n<\/li>\n<li>\n<p align=\"justify\"><span style=\"font-size: 16px;\">Collaboration avec des organisations nationales et internationales pour le financement des activit\u00e9s.<\/span><\/p>\n<\/li>\n<\/ul>\n<p>&nbsp;<\/p>\n","protected":false},"excerpt":{"rendered":"<p>&nbsp; Assistance individuelle pour la r\u00e9adaptation des personnes vivant avec un handicap\u00a0; Organisation de formations et de cadres de concertation pour renforcer les capacit\u00e9s d\u2019organisations de, et\/ou pour personnes vuln\u00e9rables et d\u00e9favoris\u00e9es\u00a0; Initiation et conduite d\u2019\u00e9tudes innovatrices et disponibilisation des r\u00e9sultats pour le secteur de la protection et de la promotion sociale\u00a0; Accompagnement des groupes [&hellip;]<\/p>\n","protected":false},"author":1,"featured_media":0,"parent":0,"menu_order":0,"comment_status":"closed","ping_status":"closed","template":"","meta":{"footnotes":""},"class_list":["post-108","page","type-page","status-publish","hentry"],"_links":{"self":[{"href":"https:\/\/letisserin.org\/index.php?rest_route=\/wp\/v2\/pages\/108","targetHints":{"allow":["GET"]}}],"collection":[{"href":"https:\/\/letisserin.org\/index.php?rest_route=\/wp\/v2\/pages"}],"about":[{"href":"https:\/\/letisserin.org\/index.php?rest_route=\/wp\/v2\/types\/page"}],"author":[{"embeddable":true,"href":"https:\/\/letisserin.org\/index.php?rest_route=\/wp\/v2\/users\/1"}],"replies":[{"embeddable":true,"href":"https:\/\/letisserin.org\/index.php?rest_route=%2Fwp%2Fv2%2Fcomments&post=108"}],"version-history":[{"count":0,"href":"https:\/\/letisserin.org\/index.php?rest_route=\/wp\/v2\/pages\/108\/revisions"}],"wp:attachment":[{"href":"https:\/\/letisserin.org\/index.php?rest_route=%2Fwp%2Fv2%2Fmedia&parent=108"}],"curies":[{"name":"wp","href":"https:\/\/api.w.org\/{rel}","templated":true}]}}