{"id":775,"date":"2018-05-26T19:16:55","date_gmt":"2018-05-26T18:16:55","guid":{"rendered":"http:\/\/letisserin.org\/?page_id=775"},"modified":"2018-05-26T19:16:55","modified_gmt":"2018-05-26T18:16:55","slug":"domaines-dintervention-et-actions-du-tisserin","status":"publish","type":"page","link":"https:\/\/letisserin.org\/?page_id=775","title":{"rendered":"DOMAINES D&rsquo;INTERVENTION ET ACTIONS DU TISSERIN"},"content":{"rendered":"<h2><strong>Accompagnement psychosocial et familial<\/strong><\/h2>\n<p align=\"justify\"><span style=\"font-size: 16px;\">Les actions du Tisserin sont essentiellement bas\u00e9es sur les activit\u00e9s d\u2019Information d\u2019Education pour le changement et la Communication pour le Changement de comportement (IEC\/CCC). La communication pour le changement de comportement est un processus interactif et participatif, \u00e0 double voie. &#8230; Elle permet d&rsquo;atteindre les communaut\u00e9s \u00e0 travers la cr\u00e9ation de messages cibl\u00e9s et en exploitant de multiples canaux de communication et diverses approches.<\/span><\/p>\n<h2><strong>Acc\u00e8s au soin de sant\u00e9 <\/strong><\/h2>\n<p align=\"justify\"><span style=\"font-size: 16px;\">Dans ce domaine, les actions envisag\u00e9es sont reparties sur deux (02) :<\/span><\/p>\n<ul>\n<li>\n<p align=\"justify\"><span style=\"font-size: 16px;\">La r\u00e9adaptation m\u00e9dicale et sociale, pour laquelle les actions envisag\u00e9es visent \u00e0 assurer un accompagnement m\u00e9dicale des enfants et jeunes en situation de handicap, l\u2019appareillage et la r\u00e9adaptation fonctionnelle.<\/span><\/p>\n<\/li>\n<li>\n<p align=\"justify\"><span style=\"font-size: 16px;\">En ce qui concerne la prise en charge psychosociale et \u00e9conomique, il est notamment pr\u00e9vu l\u2019implication des parents dans la prise en charge des enfants d\u2019une part et d\u2019autre part l\u2019accompagnement du Tisserin.<\/span><\/p>\n<\/li>\n<\/ul>\n<h2><strong>Acc\u00e8s \u00e0 la scolarit\u00e9, la formation professionnelle et l\u2019emploi<\/strong><\/h2>\n<p align=\"justify\"><span style=\"font-size: 16px;\">Dans le domaine de la scolarisation, il est envisag\u00e9 l\u2019apport et la responsabilisation des parents pour des appuis scolaires divers \u00e0 des enfants handicap\u00e9s ainsi que leur suivi et accompagnement. Les actions du Tisserin sont de faciliter l\u2019acc\u00e8s des jeunes \u00e0 l\u2019auto-emploi en leur offrant la possibilit\u00e9 d\u2019apprendre un m\u00e9tier de leur choix.<\/span><\/p>\n<h2><strong>Appui \u00e0 l\u2019autonomisation et renforcement des capacit\u00e9s des structures partenaires et \/ ou autres groupes vuln\u00e9rables <\/strong><\/h2>\n<p align=\"justify\"><span style=\"font-size: 16px;\">Dans le domaine de l\u2019autonomisation des OPH ou autres groupes vuln\u00e9rables, le Tisserin d\u00e9veloppe des programmes et projets de sensibilisation, de formation en vue de renforcement des capacit\u00e9s.<\/span><\/p>\n<h2><strong>D\u00e9veloppement organisationnel et mobilisation des ressources <\/strong><\/h2>\n<p align=\"justify\"><span style=\"font-size: 16px;\">Au titre de ce volet, les actions du Tisserin visent \u00e0 d\u00e9velopper des actions et activit\u00e9s innovatrices pour assurer le bon fonctionnement et mise en \u0153uvre de son programme croissant et \u00e0 rechercher des partenaires financiers pour la mobilisation des ressources.<\/span><\/p>\n","protected":false},"excerpt":{"rendered":"<p>Accompagnement psychosocial et familial Les actions du Tisserin sont essentiellement bas\u00e9es sur les activit\u00e9s d\u2019Information d\u2019Education pour le changement et la Communication pour le Changement de comportement (IEC\/CCC). La communication pour le changement de comportement est un processus interactif et participatif, \u00e0 double voie. &#8230; Elle permet d&rsquo;atteindre les communaut\u00e9s \u00e0 travers la cr\u00e9ation de [&hellip;]<\/p>\n","protected":false},"author":1,"featured_media":0,"parent":0,"menu_order":0,"comment_status":"closed","ping_status":"closed","template":"","meta":{"footnotes":""},"class_list":["post-775","page","type-page","status-publish","hentry"],"_links":{"self":[{"href":"https:\/\/letisserin.org\/index.php?rest_route=\/wp\/v2\/pages\/775","targetHints":{"allow":["GET"]}}],"collection":[{"href":"https:\/\/letisserin.org\/index.php?rest_route=\/wp\/v2\/pages"}],"about":[{"href":"https:\/\/letisserin.org\/index.php?rest_route=\/wp\/v2\/types\/page"}],"author":[{"embeddable":true,"href":"https:\/\/letisserin.org\/index.php?rest_route=\/wp\/v2\/users\/1"}],"replies":[{"embeddable":true,"href":"https:\/\/letisserin.org\/index.php?rest_route=%2Fwp%2Fv2%2Fcomments&post=775"}],"version-history":[{"count":0,"href":"https:\/\/letisserin.org\/index.php?rest_route=\/wp\/v2\/pages\/775\/revisions"}],"wp:attachment":[{"href":"https:\/\/letisserin.org\/index.php?rest_route=%2Fwp%2Fv2%2Fmedia&parent=775"}],"curies":[{"name":"wp","href":"https:\/\/api.w.org\/{rel}","templated":true}]}}