{"id":889,"date":"2018-06-05T18:30:28","date_gmt":"2018-06-05T18:30:28","guid":{"rendered":"http:\/\/letisserin.org\/?page_id=889"},"modified":"2026-04-30T13:50:49","modified_gmt":"2026-04-30T11:50:49","slug":"accueil","status":"publish","type":"page","link":"https:\/\/letisserin.org\/","title":{"rendered":"Accueil"},"content":{"rendered":"\n<div class=\"wp-block-columns is-layout-flex wp-container-core-columns-is-layout-9d6595d7 wp-block-columns-is-layout-flex\">\n<div class=\"wp-block-column is-layout-flow wp-block-column-is-layout-flow\" style=\"flex-basis:66.66%\">\n<h2 class=\"wp-block-heading\">Former pour mieux accompagner : la formation Baby Ubuntu<\/h2>\n\n\n\n<figure class=\"wp-block-image size-large\"><img loading=\"lazy\" decoding=\"async\" width=\"1024\" height=\"574\" src=\"https:\/\/letisserin.org\/wp-content\/uploads\/2026\/02\/image002-4-1024x574.png\" alt=\"\" class=\"wp-image-1748\" srcset=\"https:\/\/letisserin.org\/wp-content\/uploads\/2026\/02\/image002-4-1024x574.png 1024w, https:\/\/letisserin.org\/wp-content\/uploads\/2026\/02\/image002-4-300x168.png 300w, https:\/\/letisserin.org\/wp-content\/uploads\/2026\/02\/image002-4-768x431.png 768w, https:\/\/letisserin.org\/wp-content\/uploads\/2026\/02\/image002-4-624x350.png 624w, https:\/\/letisserin.org\/wp-content\/uploads\/2026\/02\/image002-4.png 1275w\" sizes=\"auto, (max-width: 1024px) 100vw, 1024px\" \/><figcaption class=\"wp-element-caption\">Participants \u00e0 la formation Baby Ubuntu<\/figcaption><\/figure>\n\n\n\n<p>En septembre 2025, l\u2019Association <strong>Le Tisserin et le Groupe ACCES<\/strong> ont accueilli \u00e0 Ouagadougou une formation de cinq jours d\u00e9di\u00e9s au programme <strong>Baby Ubuntu<\/strong>, d\u00e9velopp\u00e9 par le London School of Hygiene and Tropical Medicine, une approche reconnue d\u2019accompagnement des familles d\u2019enfants pr\u00e9sentant des troubles du d\u00e9veloppement, notamment li\u00e9e \u00e0 la paralysie c\u00e9r\u00e9brale. &#8230; \u2026 <a href=\"https:\/\/letisserin.org\/?p=1711\">Lire la suite<\/a> <\/p>\n\n\n\n<h2 class=\"wp-block-heading\"> Les activit\u00e9s d\u00e9j\u00e0 r\u00e9alis\u00e9es du projet Sant\u00e9 Sexuelle et Reproductive des Filles et Femmes Vuln\u00e9rables (SSRFFV) partie 2 <\/h2>\n\n\n\n<figure class=\"wp-block-image size-full\"><img loading=\"lazy\" decoding=\"async\" width=\"1024\" height=\"766\" src=\"https:\/\/letisserin.org\/wp-content\/uploads\/2025\/10\/image13-1-1024x766-1.jpg\" alt=\"\" class=\"wp-image-1593\" srcset=\"https:\/\/letisserin.org\/wp-content\/uploads\/2025\/10\/image13-1-1024x766-1.jpg 1024w, https:\/\/letisserin.org\/wp-content\/uploads\/2025\/10\/image13-1-1024x766-1-300x224.jpg 300w, https:\/\/letisserin.org\/wp-content\/uploads\/2025\/10\/image13-1-1024x766-1-768x575.jpg 768w, https:\/\/letisserin.org\/wp-content\/uploads\/2025\/10\/image13-1-1024x766-1-624x467.jpg 624w\" sizes=\"auto, (max-width: 1024px) 100vw, 1024px\" \/><figcaption class=\"wp-element-caption\">Les participants \u00e0 l&rsquo;atelier sur le d\u00e9veloppement des outils de communications inclusifs<\/figcaption><\/figure>\n\n\n\n<p>1 \u2013 Organisation d\u2019un atelier pour d\u00e9velopper des outils de communication inclusifs Un consultant a \u00e9t\u00e9 retenu pour concevoir les outils de communication inclusifs. Les termes de r\u00e9f\u00e9rence l\u2019ont orient\u00e9 dans la conception des outils tels les posters, les d\u00e9pliants, les boites \u00e0 images, les kakemonos. A l\u2019issu de la conception, un atelier de deux \u2026 <a href=\"https:\/\/letisserin.org\/?p=1115\">Lire la suite <\/a><\/p>\n\n\n\n<h2 class=\"wp-block-heading\"> Les activit\u00e9s d\u00e9j\u00e0 r\u00e9alis\u00e9es du projet Sant\u00e9 Sexuelle et Reproductive des Filles et Femmes Vuln\u00e9rables (SSRFFV) &#8211; partie 1 <\/h2>\n\n\n\n<figure class=\"wp-block-image size-large\"><img decoding=\"async\" src=\"https:\/\/letisserin.org\/wp-content\/uploads\/2024\/11\/Doulougou-3.jpg\" alt=\"\" class=\"wp-image-1210\"\/><figcaption class=\"wp-element-caption\"> Photo de famille des participants \u00e0 la pr\u00e9sentation du projet \u00e0 la commune de Doulougou<\/figcaption><\/figure>\n\n\n\n<p>1 \u2013 Prise de contact avec les autorit\u00e9s Avant le d\u00e9marrage des activit\u00e9s du projet Sant\u00e9 Sexuelle et reproductive des Filles et femmes Vuln\u00e9rables, Nous avons effectu\u00e9 des rencontres avec les autorit\u00e9s administratives des Cinq (05) communes de mise en \u0153uvre. Il s\u2019agit des Directeurs provinciaux de l\u2019action sociale, les chefs de services communaux de \u2026 <a href=\"https:\/\/letisserin.org\/?p=1109\">Lire la suite<\/a><\/p>\n\n\n\n<h2 class=\"wp-block-heading\"> Pr\u00e9sentation des activit\u00e9s du projet Sant\u00e9 Sexuelle et Reproductive des Filles et Femmes Vuln\u00e9rables (SSRFFV) <\/h2>\n\n\n\n<figure class=\"wp-block-image size-large\"><img decoding=\"async\" src=\"https:\/\/letisserin.org\/wp-content\/uploads\/2024\/11\/photo-de-famille-kombissiri-ipelce-doulougou-3-1024x768.jpg\" alt=\"\" class=\"wp-image-1212\"\/><figcaption class=\"wp-element-caption\"> Photo de famille les membres des r\u00e9seaux SSR de Kombissiri, Doulougou et Ipelc\u00e9 <\/figcaption><\/figure>\n\n\n\n<p>R\u00e9sum\u00e9 du projet Titre du projet&nbsp;: Promotion de la sant\u00e9 sexuelle et reproductive des filles et femmes vuln\u00e9rables Partenaire financier : Organisme priv\u00e9 allemand africa action \/ Deutschland e.V. (aaD) Dur\u00e9e du projet : 01.11.2023 \u2013 30.04.2026 Zone d\u2019intervention&nbsp;: les communes de Doulougou, Kombissiri, Koubri, Ip\u00e9lc\u00e9 et Saaba Cibles&nbsp;: filles et femmes en situation de \u2026 <a href=\"https:\/\/letisserin.org\/?p=1120\">Lire la suite <\/a><\/p>\n<\/div>\n\n\n\n<div class=\"wp-block-column is-layout-flow wp-block-column-is-layout-flow\" style=\"flex-basis:33.33%\"><form role=\"search\" method=\"get\" action=\"https:\/\/letisserin.org\/\" class=\"wp-block-search__button-outside wp-block-search__text-button wp-block-search\"    ><label class=\"wp-block-search__label\" for=\"wp-block-search__input-1\" >Rechercher<\/label><div class=\"wp-block-search__inside-wrapper \" ><input class=\"wp-block-search__input\" id=\"wp-block-search__input-1\" placeholder=\"\" value=\"\" type=\"search\" name=\"s\" required \/><button aria-label=\"Rechercher\" class=\"wp-block-search__button wp-element-button\" type=\"submit\" >Rechercher<\/button><\/div><\/form>\n\n\n<h4 class=\"wp-block-heading\"><strong>LES NEWS<\/strong><\/h4>\n\n\n<ul class=\"wp-block-latest-posts__list wp-block-latest-posts\"><li><a class=\"wp-block-latest-posts__post-title\" href=\"https:\/\/letisserin.org\/?p=1711\">Former pour mieux accompagner :  la formation Baby Ubuntu<\/a><\/li>\n<li><a class=\"wp-block-latest-posts__post-title\" href=\"https:\/\/letisserin.org\/?p=1115\">Les activit\u00e9s d\u00e9j\u00e0 r\u00e9alis\u00e9es du projet Sant\u00e9 Sexuelle et Reproductive des Filles et Femmes Vuln\u00e9rables (SSRFFV) partie 2<\/a><\/li>\n<li><a class=\"wp-block-latest-posts__post-title\" href=\"https:\/\/letisserin.org\/?p=1109\">Les activit\u00e9s d\u00e9j\u00e0 r\u00e9alis\u00e9es du projet Sant\u00e9 Sexuelle et Reproductive des Filles et Femmes Vuln\u00e9rables (SSRFFV) &#8211; partie 1<\/a><\/li>\n<li><a class=\"wp-block-latest-posts__post-title\" href=\"https:\/\/letisserin.org\/?p=1120\">Pr\u00e9sentation des activit\u00e9s du projet Sant\u00e9 Sexuelle et Reproductive des Filles et Femmes Vuln\u00e9rables (SSRFFV)<\/a><\/li>\n<li><a class=\"wp-block-latest-posts__post-title\" href=\"https:\/\/letisserin.org\/?p=1088\">Projet \u00ab\u00a0Etude de base du Programme Sant\u00e9 sexuelle et reproductive des filles et femmes exclues\u00a0\u00bb<\/a><\/li>\n<\/ul>\n\n\n<h4 class=\"wp-block-heading\"><strong>CONTACT<\/strong><\/h4>\n\n\n\n<p>04 <strong>BP<\/strong> : 8839 Ouagadougou 04, secteur 9, Quartier Gounghin. Burkina Faso.<\/p>\n\n\n\n<p><strong>Tel.:<\/strong> +226 26 36 02 51 \/+226 78 16 36 79 <\/p>\n\n\n\n<p>Email:&nbsp;<a href=\"mailto:info@letisserin.org\">info@letisserin.org<\/a><\/p>\n\n\n\n<h4 class=\"wp-block-heading\"><strong>CALENDRIER<\/strong><\/h4>\n\n\n<div class=\"wp-block-calendar\"><table id=\"wp-calendar\" class=\"wp-calendar-table\">\n\t<caption>mai 2026<\/caption>\n\t<thead>\n\t<tr>\n\t\t<th scope=\"col\" aria-label=\"lundi\">L<\/th>\n\t\t<th scope=\"col\" aria-label=\"mardi\">M<\/th>\n\t\t<th scope=\"col\" aria-label=\"mercredi\">M<\/th>\n\t\t<th scope=\"col\" aria-label=\"jeudi\">J<\/th>\n\t\t<th scope=\"col\" aria-label=\"vendredi\">V<\/th>\n\t\t<th scope=\"col\" aria-label=\"samedi\">S<\/th>\n\t\t<th scope=\"col\" aria-label=\"dimanche\">D<\/th>\n\t<\/tr>\n\t<\/thead>\n\t<tbody>\n\t<tr>\n\t\t<td colspan=\"4\" class=\"pad\">&nbsp;<\/td><td>1<\/td><td>2<\/td><td>3<\/td>\n\t<\/tr>\n\t<tr>\n\t\t<td>4<\/td><td>5<\/td><td>6<\/td><td>7<\/td><td>8<\/td><td>9<\/td><td id=\"today\">10<\/td>\n\t<\/tr>\n\t<tr>\n\t\t<td>11<\/td><td>12<\/td><td>13<\/td><td>14<\/td><td>15<\/td><td>16<\/td><td>17<\/td>\n\t<\/tr>\n\t<tr>\n\t\t<td>18<\/td><td>19<\/td><td>20<\/td><td>21<\/td><td>22<\/td><td>23<\/td><td>24<\/td>\n\t<\/tr>\n\t<tr>\n\t\t<td>25<\/td><td>26<\/td><td>27<\/td><td>28<\/td><td>29<\/td><td>30<\/td><td>31<\/td>\n\t<\/tr>\n\t<\/tbody>\n\t<\/table><nav aria-label=\"Mois pr\u00e9c\u00e9dents et suivants\" class=\"wp-calendar-nav\">\n\t\t<span class=\"wp-calendar-nav-prev\"><a href=\"https:\/\/letisserin.org\/?m=202602\">&laquo; F\u00e9v<\/a><\/span>\n\t\t<span class=\"pad\">&nbsp;<\/span>\n\t\t<span class=\"wp-calendar-nav-next\">&nbsp;<\/span>\n\t<\/nav><\/div><\/div>\n<\/div>\n\n\n\n<p><\/p>\n","protected":false},"excerpt":{"rendered":"<p>Former pour mieux accompagner : la formation Baby Ubuntu En septembre 2025, l\u2019Association Le Tisserin et le Groupe ACCES ont accueilli \u00e0 Ouagadougou une formation de cinq jours d\u00e9di\u00e9s au programme Baby Ubuntu, d\u00e9velopp\u00e9 par le London School of Hygiene and Tropical Medicine, une approche reconnue d\u2019accompagnement des familles d\u2019enfants pr\u00e9sentant des troubles du d\u00e9veloppement, [&hellip;]<\/p>\n","protected":false},"author":1,"featured_media":0,"parent":0,"menu_order":0,"comment_status":"closed","ping_status":"closed","template":"page-templates\/front-page.php","meta":{"footnotes":""},"class_list":["post-889","page","type-page","status-publish","hentry"],"_links":{"self":[{"href":"https:\/\/letisserin.org\/index.php?rest_route=\/wp\/v2\/pages\/889","targetHints":{"allow":["GET"]}}],"collection":[{"href":"https:\/\/letisserin.org\/index.php?rest_route=\/wp\/v2\/pages"}],"about":[{"href":"https:\/\/letisserin.org\/index.php?rest_route=\/wp\/v2\/types\/page"}],"author":[{"embeddable":true,"href":"https:\/\/letisserin.org\/index.php?rest_route=\/wp\/v2\/users\/1"}],"replies":[{"embeddable":true,"href":"https:\/\/letisserin.org\/index.php?rest_route=%2Fwp%2Fv2%2Fcomments&post=889"}],"version-history":[{"count":8,"href":"https:\/\/letisserin.org\/index.php?rest_route=\/wp\/v2\/pages\/889\/revisions"}],"predecessor-version":[{"id":1752,"href":"https:\/\/letisserin.org\/index.php?rest_route=\/wp\/v2\/pages\/889\/revisions\/1752"}],"wp:attachment":[{"href":"https:\/\/letisserin.org\/index.php?rest_route=%2Fwp%2Fv2%2Fmedia&parent=889"}],"curies":[{"name":"wp","href":"https:\/\/api.w.org\/{rel}","templated":true}]}}